{"id":231,"date":"2025-09-21T18:05:36","date_gmt":"2025-09-21T16:05:36","guid":{"rendered":"https:\/\/morenoinstalaciones.es\/?page_id=231"},"modified":"2025-10-10T13:06:57","modified_gmt":"2025-10-10T11:06:57","slug":"zuganglichkeit","status":"publish","type":"page","link":"https:\/\/morenoinstalaciones.es\/de\/zuganglichkeit\/","title":{"rendered":"Erkl\u00e4rung zur Zug\u00e4nglichkeit"},"content":{"rendered":"<div data-elementor-type=\"wp-page\" data-elementor-id=\"231\" class=\"elementor elementor-231\" data-elementor-post-type=\"page\">\n\t\t\t\t<div class=\"elementor-element elementor-element-e780306 cabecera-principal e-flex e-con-boxed e-con e-parent\" data-id=\"e780306\" data-element_type=\"container\" data-e-type=\"container\">\n\t\t\t\t\t<div class=\"e-con-inner\">\n\t\t\t\t<div class=\"elementor-element elementor-element-dea2e5c elementor-widget elementor-widget-heading\" data-id=\"dea2e5c\" data-element_type=\"widget\" data-e-type=\"widget\" data-widget_type=\"heading.default\">\n\t\t\t\t\t<h1 class=\"elementor-heading-title elementor-size-default\">Erkl\u00e4rung zur Zug\u00e4nglichkeit<\/h1>\t\t\t\t<\/div>\n\t\t\t\t\t<\/div>\n\t\t\t\t<\/div>\n\t\t<div class=\"elementor-element elementor-element-768998f espsup espinf e-flex e-con-boxed e-con e-parent\" data-id=\"768998f\" data-element_type=\"container\" data-e-type=\"container\" id=\"contenido-lega\">\n\t\t\t\t\t<div class=\"e-con-inner\">\n\t\t\t\t<div class=\"elementor-element elementor-element-0949b8d elementor-widget elementor-widget-text-editor\" data-id=\"0949b8d\" data-element_type=\"widget\" data-e-type=\"widget\" data-widget_type=\"text-editor.default\">\n\t\t\t\t\t\t\t\t\t<p>Das Unternehmen <strong>MORENO ASISTENCIA TECNICA Y MONTAJES S.L. <\/strong>hat sich verpflichtet, seine Website im Einklang mit dem K\u00f6niglichen Erlass 1112\/2018 vom 7. September \u00fcber die Zug\u00e4nglichkeit von Websites und mobilen Anwendungen des \u00f6ffentlichen Sektors oder von aus Europa finanzierten Entwicklungen zug\u00e4nglich zu machen.<\/p><p>Diese Erkl\u00e4rung zur Zug\u00e4nglichkeit gilt f\u00fcr die Website\u00a0 <a href=\"https:\/\/morenoinstalaciones.es\/de\/\">www.morenoinstalaciones.es<\/a> Ausschluss von eingebetteten Inhalten aus anderen Domains.<\/p><h2>Stand der Einhaltung<\/h2><p>Diese Website entspricht teilweise der RD 1112\/2018, da die folgenden Aspekte nicht erf\u00fcllt sind.<\/p><h2>Inhalt nicht zug\u00e4nglich<\/h2><p>Der nachstehende Inhalt ist aus den folgenden Gr\u00fcnden nicht zug\u00e4nglich:<\/p><ul><li>Nichteinhaltung der Vorschriften:<ul><li>Es kann einige Bilder geben, f\u00fcr die die Alternative nicht implementiert oder nicht korrekt ist - - Anforderung 9.1.1.1 Nichttextlicher Inhalt UNE-EN 301549:2022<\/li><li>Es kann Kopfzeilenelemente geben, die falsch implementiert sind oder deren logische Reihenfolge nicht korrekt ist - Randnummer 9.1.3.1 Informationen und Beziehungen der UNE-EN 301549:2022<\/li><li>Auf einigen Seiten k\u00f6nnen Elemente mit unzureichendem Kontrast vorhanden sein - Anforderung 9.1.4.3 Kontrast UNE-EN 301549:2020<\/li><li>Die Website bietet kein alternatives Navigationssystem zum Men\u00fc - Anforderung Nummer 9.2.4.5 Mehrere Pfade der UNE-EN 301549:2022<\/li><li>Es kann \u00dcberschriften geben, die nicht klar oder kurz sind, oder die keine \u00dcberschriften sein sollten - Anforderung Nummer 9.2.4.6 \u00dcberschriften und Kennzeichnungen der UNE-EN 301549:2022<\/li><li>Es kann Elemente geben, die aus anderen Systemen oder Netzen stammen, die keine ausreichende Definition der Funktion haben - Randnummer 9.4.1.2 Name, Funktion und Wert von UNE-EN 301549:2020<\/li><li>Auf einigen Webseiten kann es gelegentlich zu Bearbeitungsfehlern kommen.<\/li><\/ul><\/li><li>Unverh\u00e4ltnism\u00e4\u00dfige Belastung: Nicht zutreffend.<\/li><li>Der Inhalt f\u00e4llt nicht in den Geltungsbereich der geltenden Rechtsvorschriften.<\/li><\/ul><p>M\u00f6glicherweise gibt es Office-Dateien in PDF- oder anderen Formaten, die vor dem 20. September 2018 ver\u00f6ffentlicht wurden und nicht alle Anforderungen an die Barrierefreiheit erf\u00fcllen.<\/p><p>Es kann Inhalte von Dritten geben, die nicht von diesem Referat entwickelt wurden oder unter dessen Kontrolle stehen, wie z. B. Dateien zur B\u00fcroautomatisierung von verschiedenen Agenturen, die auf dieser Website ver\u00f6ffentlicht werden m\u00fcssen.<\/p><h2>Bemerkungen und Kontaktangaben<\/h2><p>Sie k\u00f6nnen Mitteilungen \u00fcber die Anforderungen an die Barrierefreiheit machen [Artikel 10.2.a) der RD 1112\/2018], wie zum Beispiel:<\/p><ul><li>Meldung eines m\u00f6glichen Versto\u00dfes gegen die Vorschriften auf dieser Website.<\/li><li>Vermittlung anderer Schwierigkeiten beim Zugang zu Inhalten.<\/li><li>Stellen Sie weitere Fragen oder machen Sie Verbesserungsvorschl\u00e4ge bez\u00fcglich der Zug\u00e4nglichkeit der Website, indem Sie das Kontaktformular benutzen oder anrufen <a href=\"tel:+34639605036\" target=\"_blank\" rel=\"noopener\">+34 639 60 50 36<\/a> von 9 bis 14 Uhr von Montag bis Freitag.<\/li><\/ul><p>Sie k\u00f6nnen einreichen:<\/p><ul><li>Eine Beschwerde \u00fcber die Einhaltung der Anforderungen des RD 1112\/2018<\/li><li>Ein Antrag auf zug\u00e4ngliche Informationen in Bezug auf:<ul><li>Inhalte, die gem\u00e4\u00df Artikel 3 Absatz 4 vom Anwendungsbereich der RD 1112\/2018 ausgeschlossen sind.<\/li><li>Inhalte, die von den Zug\u00e4nglichkeitsanforderungen ausgenommen sind, weil sie eine unverh\u00e4ltnism\u00e4\u00dfige Belastung darstellen.<\/li><\/ul><\/li><\/ul><p>Der Antrag auf Zugang zu Informationen muss den Sachverhalt, die Gr\u00fcnde und das Ersuchen klar darlegen, um nachzuweisen, dass der Antrag angemessen und rechtm\u00e4\u00dfig ist.<\/p>\t\t\t\t\t\t\t\t<\/div>\n\t\t\t\t\t<\/div>\n\t\t\t\t<\/div>\n\t\t\t\t<\/div>","protected":false},"excerpt":{"rendered":"<p>Declaraci\u00f3n de Accesibilidad La empresa MORENO ASISTENCIA TECNICA Y MONTAJES S.L. , se ha comprometido a hacer accesible su sitio [&hellip;]<\/p>","protected":false},"author":2,"featured_media":0,"parent":0,"menu_order":0,"comment_status":"closed","ping_status":"closed","template":"elementor_header_footer","meta":{"site-sidebar-layout":"no-sidebar","site-content-layout":"","ast-site-content-layout":"full-width-container","site-content-style":"default","site-sidebar-style":"default","ast-global-header-display":"","ast-banner-title-visibility":"","ast-main-header-display":"","ast-hfb-above-header-display":"","ast-hfb-below-header-display":"","ast-hfb-mobile-header-display":"","site-post-title":"","ast-breadcrumbs-content":"","ast-featured-img":"disabled","footer-sml-layout":"","theme-transparent-header-meta":"default","adv-header-id-meta":"","stick-header-meta":"default","header-above-stick-meta":"","header-main-stick-meta":"","header-below-stick-meta":"","astra-migrate-meta-layouts":"set","ast-page-background-enabled":"default","ast-page-background-meta":{"desktop":{"background-color":"var(--ast-global-color-4)","background-image":"","background-repeat":"repeat","background-position":"center center","background-size":"auto","background-attachment":"scroll","background-type":"","background-media":"","overlay-type":"","overlay-color":"","overlay-opacity":"","overlay-gradient":""},"tablet":{"background-color":"","background-image":"","background-repeat":"repeat","background-position":"center center","background-size":"auto","background-attachment":"scroll","background-type":"","background-media":"","overlay-type":"","overlay-color":"","overlay-opacity":"","overlay-gradient":""},"mobile":{"background-color":"","background-image":"","background-repeat":"repeat","background-position":"center center","background-size":"auto","background-attachment":"scroll","background-type":"","background-media":"","overlay-type":"","overlay-color":"","overlay-opacity":"","overlay-gradient":""}},"ast-content-background-meta":{"desktop":{"background-color":"var(--ast-global-color-5)","background-image":"","background-repeat":"repeat","background-position":"center center","background-size":"auto","background-attachment":"scroll","background-type":"","background-media":"","overlay-type":"","overlay-color":"","overlay-opacity":"","overlay-gradient":""},"tablet":{"background-color":"var(--ast-global-color-5)","background-image":"","background-repeat":"repeat","background-position":"center center","background-size":"auto","background-attachment":"scroll","background-type":"","background-media":"","overlay-type":"","overlay-color":"","overlay-opacity":"","overlay-gradient":""},"mobile":{"background-color":"var(--ast-global-color-5)","background-image":"","background-repeat":"repeat","background-position":"center center","background-size":"auto","background-attachment":"scroll","background-type":"","background-media":"","overlay-type":"","overlay-color":"","overlay-opacity":"","overlay-gradient":""}},"footnotes":""},"class_list":["post-231","page","type-page","status-publish","hentry"],"_links":{"self":[{"href":"https:\/\/morenoinstalaciones.es\/de\/wp-json\/wp\/v2\/pages\/231","targetHints":{"allow":["GET"]}}],"collection":[{"href":"https:\/\/morenoinstalaciones.es\/de\/wp-json\/wp\/v2\/pages"}],"about":[{"href":"https:\/\/morenoinstalaciones.es\/de\/wp-json\/wp\/v2\/types\/page"}],"author":[{"embeddable":true,"href":"https:\/\/morenoinstalaciones.es\/de\/wp-json\/wp\/v2\/users\/2"}],"replies":[{"embeddable":true,"href":"https:\/\/morenoinstalaciones.es\/de\/wp-json\/wp\/v2\/comments?post=231"}],"version-history":[{"count":0,"href":"https:\/\/morenoinstalaciones.es\/de\/wp-json\/wp\/v2\/pages\/231\/revisions"}],"wp:attachment":[{"href":"https:\/\/morenoinstalaciones.es\/de\/wp-json\/wp\/v2\/media?parent=231"}],"curies":[{"name":"wp","href":"https:\/\/api.w.org\/{rel}","templated":true}]}}